{"id":691,"date":"2023-11-10T17:20:16","date_gmt":"2023-11-10T17:20:16","guid":{"rendered":"https:\/\/www.st-solutions.cz\/kontakt\/"},"modified":"2025-06-10T20:40:01","modified_gmt":"2025-06-10T20:40:01","slug":"kontakt","status":"publish","type":"page","link":"https:\/\/www.st-solutions.cz\/de\/kontakt\/","title":{"rendered":"Kontakt"},"content":{"rendered":"<p>[et_pb_section fb_built=&#8220;1&#8243; custom_padding_last_edited=&#8220;on|tablet&#8220; admin_label=&#8220;Hero&#8220; _builder_version=&#8220;4.23&#8243; use_background_color_gradient=&#8220;on&#8220; background_color_gradient_stops=&#8220;rgba(255,255,255,0.9) 0%|#ffffff 100%&#8220; background_color_gradient_overlays_image=&#8220;on&#8220; background_color_gradient_start=&#8220;rgba(255,255,255,0.9)&#8220; background_color_gradient_end=&#8220;#ffffff&#8220; background_image=&#8220;http:\/\/stage.simpleagency.cz\/wp-content\/uploads\/2023\/11\/DSC_9649-scaled.jpg&#8220; custom_margin=&#8220;0px|||&#8220; custom_padding=&#8220;0px|10%|0px|10%|true|true&#8220; custom_padding_tablet=&#8220;|30px||30px||true&#8220; custom_padding_phone=&#8220;|||||true&#8220; locked=&#8220;off&#8220; global_colors_info=&#8220;{}&#8220;][et_pb_row column_structure=&#8220;2_3,1_3&#8243; padding_top_bottom_link_1=&#8220;true&#8220; padding_left_right_link_1=&#8220;true&#8220; admin_label=&#8220;\u0158\u00e1dek&#8220; _builder_version=&#8220;4.16&#8243; background_size=&#8220;initial&#8220; background_position=&#8220;top_left&#8220; width=&#8220;100%&#8220; max_width=&#8220;100%&#8220; custom_margin=&#8220;|||&#8220; custom_padding=&#8220;0||0px||false|false&#8220; use_custom_width=&#8220;on&#8220; width_unit=&#8220;off&#8220; custom_width_percent=&#8220;100%&#8220; global_colors_info=&#8220;{}&#8220;][et_pb_column type=&#8220;2_3&#8243; admin_label=&#8220;Sloupec&#8220; _builder_version=&#8220;4.16&#8243; use_background_color_gradient=&#8220;on&#8220; background_color_gradient_stops=&#8220;rgba(0,0,0,0.07) 0%|rgba(255,255,255,0) 100%&#8220; background_color_gradient_start=&#8220;rgba(0,0,0,0.07)&#8220; background_color_gradient_end=&#8220;rgba(255,255,255,0)&#8220; custom_padding=&#8220;10vw|40px|10vw|40px&#8220; custom_padding_tablet=&#8220;|||&#8220; custom_padding_phone=&#8220;|10px||10px||true&#8220; custom_padding_last_edited=&#8220;on|desktop&#8220; global_colors_info=&#8220;{}&#8220; padding_phone=&#8220;|10px||10px||true&#8220; padding_tablet=&#8220;|||&#8220; padding_last_edited=&#8220;on|desktop&#8220; custom_padding__hover=&#8220;|||&#8220;][et_pb_text _builder_version=&#8220;4.23&#8243; text_font=&#8220;Lato||||||||&#8220; text_font_size=&#8220;20px&#8220; text_line_height=&#8220;1.8em&#8220; ul_font=&#8220;||||||||&#8220; ol_font=&#8220;||||||||&#8220; header_font=&#8220;Teko|500||on|||||&#8220; header_text_color=&#8220;#000000&#8243; header_font_size=&#8220;9vw&#8220; header_letter_spacing=&#8220;0.05em&#8220; header_line_height=&#8220;0.9em&#8220; custom_margin=&#8220;|-10vw|0px|&#8220; custom_margin_tablet=&#8220;|0vw||&#8220; custom_margin_phone=&#8220;|-5vw||&#8220; custom_margin_last_edited=&#8220;on|tablet&#8220; animation_style=&#8220;zoom&#8220; animation_delay=&#8220;100ms&#8220; animation_intensity_zoom=&#8220;10%&#8220; header_font_size_tablet=&#8220;&#8220; header_font_size_phone=&#8220;&#8220; header_font_size_last_edited=&#8220;on|phone&#8220; header_line_height_tablet=&#8220;&#8220; header_line_height_phone=&#8220;1.2em&#8220; header_line_height_last_edited=&#8220;on|phone&#8220; header_text_shadow_style=&#8220;preset1&#8243; header_text_shadow_vertical_length=&#8220;0.18em&#8220; header_text_shadow_blur_strength=&#8220;0.27em&#8220; header_text_shadow_color=&#8220;rgba(0,0,0,0.24)&#8220; global_colors_info=&#8220;{}&#8220;]<\/p>\n<h1>Nehmen Sie Kontakt mit uns auf<\/h1>\n<p>[\/et_pb_text][et_pb_text _builder_version=&#8220;4.23&#8243; text_font=&#8220;Exo||||||||&#8220; text_font_size=&#8220;20px&#8220; text_line_height=&#8220;1.8em&#8220; header_font=&#8220;||||||||&#8220; custom_margin=&#8220;|-10vw||10vw&#8220; custom_margin_tablet=&#8220;|0vw||0px&#8220; custom_margin_phone=&#8220;&#8220; custom_margin_last_edited=&#8220;on|desktop&#8220; animation_style=&#8220;slide&#8220; animation_direction=&#8220;left&#8220; animation_intensity_slide=&#8220;10%&#8220; locked=&#8220;off&#8220; global_colors_info=&#8220;{}&#8220;]<\/p>\n<p>Wir erstellen Ihnen gerne eine Preiskalkulation auf der Grundlage Ihrer Spezifikation oder konsultieren technische Varianten und Sicherheitsberechnungen, einschlie\u00dflich der Erstellung von Zeichnungsunterlagen.<\/p>\n<p>[\/et_pb_text][\/et_pb_column][et_pb_column type=&#8220;1_3&#8243; admin_label=&#8220;Sloupec&#8220; _builder_version=&#8220;4.16&#8243; custom_padding=&#8220;|||&#8220; global_colors_info=&#8220;{}&#8220; custom_padding__hover=&#8220;|||&#8220;][\/et_pb_column][\/et_pb_row][et_pb_row custom_padding_last_edited=&#8220;on|phone&#8220; admin_label=&#8220;\u0158\u00e1dek&#8220; _builder_version=&#8220;4.25.2&#8243; use_background_color_gradient=&#8220;on&#8220; background_color_gradient_stops=&#8220;rgba(0,25,102,0) 0%|rgba(0,25,102,0.59) 100%&#8220; background_color_gradient_start=&#8220;rgba(0,25,102,0)&#8220; background_color_gradient_end=&#8220;rgba(0,25,102,0.59)&#8220; width=&#8220;100%&#8220; max_width=&#8220;2560px&#8220; custom_padding=&#8220;8vw|80px|8vw|80px|true|true&#8220; custom_padding_tablet=&#8220;8vw|80px|8vw|80px|true|true&#8220; custom_padding_phone=&#8220;8vw|25px|8vw|25px|true|true&#8220; global_colors_info=&#8220;{}&#8220;][et_pb_column type=&#8220;4_4&#8243; admin_label=&#8220;Sloupec&#8220; _builder_version=&#8220;4.25.2&#8243; custom_padding_tablet=&#8220;&#8220; custom_padding_phone=&#8220;0px|0px|0px|0px|true|true&#8220; custom_padding_last_edited=&#8220;on|phone&#8220; border_width_all=&#8220;0px&#8220; global_colors_info=&#8220;{}&#8220;][et_pb_text admin_label=&#8220;Text&#8220; _builder_version=&#8220;4.25.2&#8243; text_font=&#8220;Exo|600|||||||&#8220; text_text_color=&#8220;#000000&#8243; text_font_size=&#8220;16px&#8220; text_line_height=&#8220;1.8em&#8220; link_font=&#8220;||||on|||#000000|&#8220; link_text_color=&#8220;#000000&#8243; header_3_font=&#8220;Teko|||on|||||&#8220; header_3_text_color=&#8220;#000000&#8243; header_3_font_size=&#8220;30px&#8220; header_3_line_height=&#8220;1.2em&#8220; text_orientation=&#8220;center&#8220; background_layout=&#8220;dark&#8220; custom_margin=&#8220;||60px&#8220; header_font_tablet=&#8220;&#8220; header_font_phone=&#8220;&#8220; header_font_last_edited=&#8220;on|phone&#8220; header_3_font_size_tablet=&#8220;25px&#8220; header_3_font_size_phone=&#8220;22px&#8220; header_3_font_size_last_edited=&#8220;on|phone&#8220; text_text_align=&#8220;center&#8220; locked=&#8220;off&#8220; global_colors_info=&#8220;{}&#8220;]<\/p>\n<h3><span>Gesch\u00e4ftsf\u00fchrender Direktor\/Kaufm\u00e4nnischer Direktor:<br \/>Ladislav \u0160to\u010dek<br \/><\/span><\/h3>\n<p>+420 <span>723 281 131<\/span> \/<br \/><a href=\"mailto:l.stocek@st-solutions.cz\" target=\"_blank\" rel=\"noopener\"> l.stocek@st-solutions.cz<\/a><span> <\/span><\/p>\n<p>[\/et_pb_text][et_pb_text _builder_version=&#8220;4.25.2&#8243; text_font=&#8220;Exo|600|||||||&#8220; text_text_color=&#8220;#000000&#8243; text_font_size=&#8220;16px&#8220; text_line_height=&#8220;1.8em&#8220; link_font=&#8220;||||on|||#000000|&#8220; link_text_color=&#8220;#000000&#8243; header_3_font=&#8220;Teko|||on|||||&#8220; header_3_text_color=&#8220;#000000&#8243; header_3_font_size=&#8220;30px&#8220; header_3_line_height=&#8220;1.2em&#8220; text_orientation=&#8220;center&#8220; background_layout=&#8220;dark&#8220; custom_margin=&#8220;||60px&#8220; header_font_size_tablet=&#8220;&#8220; header_font_size_phone=&#8220;&#8220; header_font_size_last_edited=&#8220;on|phone&#8220; header_3_font_size_tablet=&#8220;25px&#8220; header_3_font_size_phone=&#8220;22px&#8220; header_3_font_size_last_edited=&#8220;on|phone&#8220; text_text_align=&#8220;center&#8220; global_colors_info=&#8220;{}&#8220;]<\/p>\n<h3><span>Produktion und technische Leitung:<br \/>Petr \u010cepek<br \/><\/span><\/h3>\n<p>+420 <span>771 269 971<\/span> \/ <br \/><a href=\"mailto:l.stocek@st-solutions.cz\" target=\"_blank\" rel=\"noopener\">p.cepek@st-solutions.cz<\/a><span> <\/span><\/p>\n<p>[\/et_pb_text][et_pb_text _builder_version=&#8220;4.25.2&#8243; text_font=&#8220;Exo|600|||||||&#8220; text_text_color=&#8220;#000000&#8243; text_font_size=&#8220;16px&#8220; text_line_height=&#8220;1.8em&#8220; link_font=&#8220;||||on|||#000000|&#8220; link_text_color=&#8220;#000000&#8243; header_3_font=&#8220;Teko|||on|||||&#8220; header_3_text_color=&#8220;#000000&#8243; header_3_font_size=&#8220;30px&#8220; header_3_line_height=&#8220;1.2em&#8220; text_orientation=&#8220;center&#8220; background_layout=&#8220;dark&#8220; custom_margin=&#8220;||56px||false|false&#8220; custom_padding=&#8220;||||false|false&#8220; header_3_font_size_tablet=&#8220;25px&#8220; header_3_font_size_phone=&#8220;22px&#8220; header_3_font_size_last_edited=&#8220;on|phone&#8220; text_text_align=&#8220;center&#8220; global_colors_info=&#8220;{}&#8220;]<\/p>\n<h3><span>Produktionskoordinator:<br \/>Michal Tr\u00e1vn\u00ed\u010dek<br \/><\/span><\/h3>\n<p>+420 <span>774 329 765<\/span> \/ <br \/><a href=\"mailto:l.stocek@st-solutions.cz\" target=\"_blank\" rel=\"noopener\">m.travnicek@st-solutions.cz<\/a><span> <\/span><\/p>\n<p>[\/et_pb_text][\/et_pb_column][\/et_pb_row][\/et_pb_section][et_pb_section fb_built=&#8220;1&#8243; fullwidth=&#8220;on&#8220; _builder_version=&#8220;4.25.2&#8243; hover_enabled=&#8220;0&#8243; global_colors_info=&#8220;{}&#8220; custom_margin=&#8220;80px||||false|false&#8220; sticky_enabled=&#8220;0&#8243;][et_pb_fullwidth_map address=&#8220;Praska\u010dka 199, 50333 Praska\u010dka, Hradec Kr\u00e1lov\u00e9, \u010cesk\u00e1 republika&#8220; address_lat=&#8220;37.7749295&#8243; address_lng=&#8220;-122.4194155&#8243; mouse_wheel=&#8220;off&#8220; admin_label=&#8220;Tu\u010dn\u00e9 mapy&#8220; _builder_version=&#8220;4.23&#8243; filter_saturate=&#8220;0%&#8220; global_colors_info=&#8220;{}&#8220;][et_pb_map_pin title=&#8220;Praska\u010dka 199&#8243; pin_address=&#8220;Praska\u010dka 199, 50333 Praska\u010dka, Hradec Kr\u00e1lov\u00e9, \u010cesk\u00e1 republika&#8220; pin_address_lat=&#8220;37.7749295&#8243; pin_address_lng=&#8220;-122.4194155&#8243; _builder_version=&#8220;4.23&#8243; global_colors_info=&#8220;{}&#8220;][\/et_pb_map_pin][\/et_pb_fullwidth_map][\/et_pb_section]<\/p>\n","protected":false},"excerpt":{"rendered":"<p>Nehmen Sie Kontakt mit uns aufWir erstellen Ihnen gerne eine Preiskalkulation auf der Grundlage Ihrer Spezifikation oder konsultieren technische Varianten und Sicherheitsberechnungen, einschlie\u00dflich der Erstellung von Zeichnungsunterlagen.Gesch\u00e4ftsf\u00fchrender Direktor\/Kaufm\u00e4nnischer Direktor:Ladislav \u0160to\u010dek +420 723 281 131 \/ l.stocek@st-solutions.cz Produktion und technische Leitung:Petr \u010cepek +420 771 269 971 \/ p.cepek@st-solutions.cz Produktionskoordinator:Michal Tr\u00e1vn\u00ed\u010dek +420 774 329 765 \/ m.travnicek@st-solutions.cz<\/p>\n","protected":false},"author":1,"featured_media":0,"parent":0,"menu_order":0,"comment_status":"closed","ping_status":"closed","template":"","meta":{"_et_pb_use_builder":"on","_et_pb_old_content":"","_et_gb_content_width":"","footnotes":""},"class_list":["post-691","page","type-page","status-publish","hentry"],"_links":{"self":[{"href":"https:\/\/www.st-solutions.cz\/de\/wp-json\/wp\/v2\/pages\/691","targetHints":{"allow":["GET"]}}],"collection":[{"href":"https:\/\/www.st-solutions.cz\/de\/wp-json\/wp\/v2\/pages"}],"about":[{"href":"https:\/\/www.st-solutions.cz\/de\/wp-json\/wp\/v2\/types\/page"}],"author":[{"embeddable":true,"href":"https:\/\/www.st-solutions.cz\/de\/wp-json\/wp\/v2\/users\/1"}],"replies":[{"embeddable":true,"href":"https:\/\/www.st-solutions.cz\/de\/wp-json\/wp\/v2\/comments?post=691"}],"version-history":[{"count":26,"href":"https:\/\/www.st-solutions.cz\/de\/wp-json\/wp\/v2\/pages\/691\/revisions"}],"predecessor-version":[{"id":1061,"href":"https:\/\/www.st-solutions.cz\/de\/wp-json\/wp\/v2\/pages\/691\/revisions\/1061"}],"wp:attachment":[{"href":"https:\/\/www.st-solutions.cz\/de\/wp-json\/wp\/v2\/media?parent=691"}],"curies":[{"name":"wp","href":"https:\/\/api.w.org\/{rel}","templated":true}]}}