{"id":679,"date":"2023-11-10T17:16:16","date_gmt":"2023-11-10T17:16:16","guid":{"rendered":"https:\/\/www.st-solutions.cz\/druckbehaelter\/"},"modified":"2025-06-10T20:37:59","modified_gmt":"2025-06-10T20:37:59","slug":"druckbehaelter","status":"publish","type":"page","link":"https:\/\/www.st-solutions.cz\/de\/druckbehaelter\/","title":{"rendered":"Druckbeh\u00e4lter"},"content":{"rendered":"<p>[et_pb_section fb_built=&#8220;1&#8243; custom_padding_last_edited=&#8220;on|tablet&#8220; admin_label=&#8220;Hero&#8220; _builder_version=&#8220;4.23&#8243; use_background_color_gradient=&#8220;on&#8220; background_color_gradient_stops=&#8220;rgba(27,31,37,0) 0%|#1b1f25 100%&#8220; background_color_gradient_overlays_image=&#8220;on&#8220; background_color_gradient_start=&#8220;rgba(27,31,37,0)&#8220; background_color_gradient_end=&#8220;#1b1f25&#8243; background_image=&#8220;http:\/\/stage.simpleagency.cz\/wp-content\/uploads\/2024\/03\/DSC_9779-scaled.jpg&#8220; custom_margin=&#8220;0px|||&#8220; custom_padding=&#8220;0px|10%|0px|10%|true|true&#8220; custom_padding_tablet=&#8220;|30px||30px||true&#8220; custom_padding_phone=&#8220;|||||true&#8220; locked=&#8220;off&#8220; global_colors_info=&#8220;{}&#8220;][et_pb_row column_structure=&#8220;2_3,1_3&#8243; padding_top_bottom_link_1=&#8220;true&#8220; padding_left_right_link_1=&#8220;true&#8220; _builder_version=&#8220;4.16&#8243; background_size=&#8220;initial&#8220; background_position=&#8220;top_left&#8220; width=&#8220;100%&#8220; max_width=&#8220;100%&#8220; custom_margin=&#8220;|||&#8220; custom_padding=&#8220;0||0px||false|false&#8220; use_custom_width=&#8220;on&#8220; width_unit=&#8220;off&#8220; custom_width_percent=&#8220;100%&#8220; global_colors_info=&#8220;{}&#8220;][et_pb_column type=&#8220;2_3&#8243; _builder_version=&#8220;4.16&#8243; use_background_color_gradient=&#8220;on&#8220; background_color_gradient_stops=&#8220;rgba(0,0,0,0.12) 0%|rgba(255,255,255,0) 100%&#8220; background_color_gradient_start=&#8220;rgba(0,0,0,0.12)&#8220; background_color_gradient_end=&#8220;rgba(255,255,255,0)&#8220; custom_padding=&#8220;12vw|40px|12vw|40px&#8220; custom_padding_tablet=&#8220;|||&#8220; custom_padding_phone=&#8220;|10px||10px||true&#8220; custom_padding_last_edited=&#8220;on|desktop&#8220; global_colors_info=&#8220;{}&#8220; padding_phone=&#8220;|10px||10px||true&#8220; padding_tablet=&#8220;|||&#8220; padding_last_edited=&#8220;on|desktop&#8220; custom_padding__hover=&#8220;|||&#8220;][et_pb_text _builder_version=&#8220;4.23&#8243; text_font=&#8220;Lato||||||||&#8220; text_font_size=&#8220;20px&#8220; text_line_height=&#8220;1.8em&#8220; header_font=&#8220;Teko|500||on|||||&#8220; header_font_size=&#8220;9vw&#8220; header_letter_spacing=&#8220;0.05em&#8220; header_line_height=&#8220;0.9em&#8220; background_layout=&#8220;dark&#8220; custom_margin=&#8220;|-10vw|0px|&#8220; custom_margin_tablet=&#8220;|0vw||&#8220; custom_margin_phone=&#8220;|-5vw||&#8220; custom_margin_last_edited=&#8220;on|tablet&#8220; animation_style=&#8220;zoom&#8220; animation_delay=&#8220;100ms&#8220; animation_intensity_zoom=&#8220;10%&#8220; header_font_size_tablet=&#8220;&#8220; header_font_size_phone=&#8220;&#8220; header_font_size_last_edited=&#8220;on|phone&#8220; header_line_height_tablet=&#8220;&#8220; header_line_height_phone=&#8220;1.2em&#8220; header_line_height_last_edited=&#8220;on|phone&#8220; header_text_shadow_style=&#8220;preset1&#8243; header_text_shadow_vertical_length=&#8220;0.18em&#8220; header_text_shadow_blur_strength=&#8220;0.27em&#8220; header_text_shadow_color=&#8220;rgba(0,0,0,0.38)&#8220; global_colors_info=&#8220;{}&#8220;]<\/p>\n<h1>Druckbeh\u00e4lter<\/h1>\n<p>[\/et_pb_text][et_pb_text _builder_version=&#8220;4.23&#8243; text_font=&#8220;Exo||||||||&#8220; text_font_size=&#8220;20px&#8220; text_line_height=&#8220;1.8em&#8220; header_font=&#8220;||||||||&#8220; background_layout=&#8220;dark&#8220; custom_margin=&#8220;|-10vw||10vw&#8220; custom_margin_tablet=&#8220;|0vw||0px&#8220; custom_margin_phone=&#8220;&#8220; custom_margin_last_edited=&#8220;on|desktop&#8220; animation_style=&#8220;slide&#8220; animation_direction=&#8220;left&#8220; animation_intensity_slide=&#8220;10%&#8220; locked=&#8220;off&#8220; global_colors_info=&#8220;{}&#8220;]<\/p>\n<p>Wir stellen Druckbeh\u00e4lter aus Edelstahl mit einem <span>Volumen von 20 &#8211; 10 000 Litern her<\/span>. Unsere Produktpalette umfasst ein- und doppelwandige Beh\u00e4lter, Mischer, Expander, Produktionsanlagen und <span>Spezialbeh\u00e4lter<\/span>.<\/p>\n<p>[\/et_pb_text][\/et_pb_column][et_pb_column type=&#8220;1_3&#8243; _builder_version=&#8220;4.16&#8243; custom_padding=&#8220;|||&#8220; global_colors_info=&#8220;{}&#8220; custom_padding__hover=&#8220;|||&#8220;][\/et_pb_column][\/et_pb_row][\/et_pb_section][et_pb_section fb_built=&#8220;1&#8243; admin_label=&#8220;About Us&#8220; _builder_version=&#8220;4.16&#8243; custom_padding=&#8220;120px|0px||0px|false|false&#8220; global_colors_info=&#8220;{}&#8220;][et_pb_row _builder_version=&#8220;4.16&#8243; max_width=&#8220;960px&#8220; module_alignment=&#8220;center&#8220; use_custom_width=&#8220;on&#8220; custom_width_px=&#8220;960px&#8220; locked=&#8220;off&#8220; global_colors_info=&#8220;{}&#8220;][et_pb_column type=&#8220;4_4&#8243; _builder_version=&#8220;4.16&#8243; custom_padding=&#8220;|||&#8220; global_colors_info=&#8220;{}&#8220; custom_padding__hover=&#8220;|||&#8220;][et_pb_text admin_label=&#8220;Title&#8220; _builder_version=&#8220;4.23&#8243; text_font=&#8220;Exo||||||||&#8220; text_font_size=&#8220;20px&#8220; text_line_height=&#8220;1.8em&#8220; header_font=&#8220;||||||||&#8220; header_2_font=&#8220;Teko||||||||&#8220; header_2_font_size=&#8220;96px&#8220; text_orientation=&#8220;center&#8220; max_width=&#8220;750px&#8220; module_alignment=&#8220;center&#8220; custom_margin=&#8220;|||&#8220; header_2_font_size_tablet=&#8220;66px&#8220; header_2_font_size_phone=&#8220;36px&#8220; header_2_font_size_last_edited=&#8220;on|phone&#8220; global_colors_info=&#8220;{}&#8220;]<\/p>\n<h2>Kundenspezifische L\u00f6sungen<\/h2>\n<p>Wir konzentrieren uns auf Produkte und Anlagen, die unter die Richtlinie PED\/2014\/68\/EU oder ASME fallen. Wir verf\u00fcgen \u00fcber variable Produktionskapazit\u00e4ten und k\u00f6nnen auch technologisch anspruchsvollere Endprodukte anbieten. Wir verf\u00fcgen \u00fcber variable Produktionskapazit\u00e4ten und k\u00f6nnen daher auch technologisch anspruchsvollere Endprodukte anbieten. Dank unseres breiten Spektrums an M\u00f6glichkeiten befassen wir uns auch mit technologisch anspruchsvollen Einheiten und atypischer Auftragsproduktion. <\/p>\n<p><span>SAls Standard verwenden wir die Werkstoffe 1.4404 (AISI 316L) &#8211; 1.4571 (AISI 316Ti), Hastelloy C22. Wir schwei\u00dfen mit den Methoden WIG, MAG und MMA. Rohrteile auch durch Orbitalschwei\u00dfen. F\u00fcr die Oberfl\u00e4chenbehandlung der Beh\u00e4lter bieten wir manuelles oder maschinelles Schleifen und elektrochemisches Polieren an.  <\/span><\/p>\n<p>[\/et_pb_text][\/et_pb_column][\/et_pb_row][\/et_pb_section][et_pb_section fb_built=&#8220;1&#8243; custom_padding_last_edited=&#8220;on|phone&#8220; prev_background_color=&#8220;#ffffff&#8220; next_background_color=&#8220;#ffffff&#8220; admin_label=&#8220;Our History&#8220; _builder_version=&#8220;4.23&#8243; use_background_color_gradient=&#8220;on&#8220; background_color_gradient_direction=&#8220;181deg&#8220; background_color_gradient_stops=&#8220;rgba(27,31,37,0.3) 0%|#1b1f25 26%&#8220; background_color_gradient_start=&#8220;rgba(27,31,37,0.3)&#8220; background_color_gradient_end=&#8220;#1b1f25&#8243; background_image=&#8220;http:\/\/stage.simpleagency.cz\/wp-content\/uploads\/2023\/11\/DSC_9729-scaled.jpg&#8220; module_alignment=&#8220;center&#8220; min_height=&#8220;488px&#8220; custom_padding=&#8220;538px||0px||false|false&#8220; custom_padding_tablet=&#8220;|||&#8220; custom_padding_phone=&#8220;100px|||&#8220; top_divider_style=&#8220;arrow&#8220; top_divider_height_tablet=&#8220;&#8220; top_divider_height_phone=&#8220;50px&#8220; top_divider_height_last_edited=&#8220;on|phone&#8220; bottom_divider_style=&#8220;arrow&#8220; box_shadow_style=&#8220;preset7&#8243; box_shadow_horizontal=&#8220;0px&#8220; box_shadow_vertical=&#8220;-150px&#8220; box_shadow_color=&#8220;#ffffff&#8220; locked=&#8220;off&#8220; global_colors_info=&#8220;{}&#8220;][\/et_pb_section][et_pb_section fb_built=&#8220;1&#8243; admin_label=&#8220;Listings&#8220; _builder_version=&#8220;4.16&#8243; custom_padding=&#8220;80px|0px|80px|0px|true|false&#8220; global_colors_info=&#8220;{}&#8220;][et_pb_row _builder_version=&#8220;4.16&#8243; module_alignment=&#8220;center&#8220; use_custom_width=&#8220;on&#8220; locked=&#8220;off&#8220; global_colors_info=&#8220;{}&#8220;][et_pb_column type=&#8220;4_4&#8243; _builder_version=&#8220;4.16&#8243; custom_padding=&#8220;|||&#8220; global_colors_info=&#8220;{}&#8220; custom_padding__hover=&#8220;|||&#8220;][et_pb_text _builder_version=&#8220;4.23&#8243; text_font=&#8220;Exo||||||||&#8220; text_font_size=&#8220;20px&#8220; text_line_height=&#8220;1.8em&#8220; header_font=&#8220;||||||||&#8220; header_2_font=&#8220;Teko||||||||&#8220; header_2_font_size=&#8220;96px&#8220; text_orientation=&#8220;center&#8220; max_width=&#8220;700px&#8220; module_alignment=&#8220;center&#8220; custom_margin=&#8220;||0px|&#8220; header_2_font_size_tablet=&#8220;66px&#8220; header_2_font_size_phone=&#8220;36px&#8220; header_2_font_size_last_edited=&#8220;on|phone&#8220; global_colors_info=&#8220;{}&#8220;]<\/p>\n<h2>Galerie<\/h2>\n<p>[\/et_pb_text][\/et_pb_column][\/et_pb_row][et_pb_row column_structure=&#8220;1_3,1_3,1_3&#8243; admin_label=&#8220;Shop Area&#8220; module_class=&#8220; et_pb_row_fullwidth&#8220; _builder_version=&#8220;4.16&#8243; width=&#8220;89%&#8220; width_tablet=&#8220;80%&#8220; width_phone=&#8220;80%&#8220; width_last_edited=&#8220;on|desktop&#8220; max_width=&#8220;89%&#8220; max_width_tablet=&#8220;80%&#8220; max_width_phone=&#8220;80%&#8220; max_width_last_edited=&#8220;on|desktop&#8220; custom_margin=&#8220;|||&#8220; custom_padding=&#8220;|||&#8220; make_fullwidth=&#8220;on&#8220; global_colors_info=&#8220;{}&#8220;][et_pb_column type=&#8220;1_3&#8243; _builder_version=&#8220;4.16&#8243; custom_padding=&#8220;|||&#8220; global_colors_info=&#8220;{}&#8220; custom_padding__hover=&#8220;|||&#8220;][et_pb_blurb image=&#8220;http:\/\/stage.simpleagency.cz\/wp-content\/uploads\/2024\/05\/1.png&#8220; _builder_version=&#8220;4.23&#8243; header_font=&#8220;Teko|700||on|||||&#8220; header_font_size=&#8220;26px&#8220; header_letter_spacing=&#8220;4px&#8220; header_line_height=&#8220;1.6em&#8220; body_font=&#8220;Teko||||||||&#8220; body_text_color=&#8220;#c10f1b&#8220; body_font_size=&#8220;26px&#8220; body_line_height=&#8220;1.8em&#8220; text_orientation=&#8220;center&#8220; custom_margin=&#8220;||0px|&#8220; custom_padding=&#8220;|||&#8220; animation=&#8220;off&#8220; locked=&#8220;off&#8220; global_colors_info=&#8220;{}&#8220;][\/et_pb_blurb][\/et_pb_column][et_pb_column type=&#8220;1_3&#8243; _builder_version=&#8220;4.16&#8243; custom_padding=&#8220;|||&#8220; global_colors_info=&#8220;{}&#8220; custom_padding__hover=&#8220;|||&#8220;][et_pb_blurb image=&#8220;http:\/\/stage.simpleagency.cz\/wp-content\/uploads\/2024\/05\/DSC_0794-scaled.jpg&#8220; _builder_version=&#8220;4.23&#8243; header_font=&#8220;Teko|700||on|||||&#8220; header_font_size=&#8220;26px&#8220; header_letter_spacing=&#8220;4px&#8220; header_line_height=&#8220;1.6em&#8220; body_font=&#8220;Teko||||||||&#8220; body_text_color=&#8220;#c10f1b&#8220; body_font_size=&#8220;26px&#8220; body_line_height=&#8220;1.8em&#8220; text_orientation=&#8220;center&#8220; custom_margin=&#8220;||0px|&#8220; custom_padding=&#8220;|||&#8220; animation=&#8220;off&#8220; locked=&#8220;off&#8220; global_colors_info=&#8220;{}&#8220;][\/et_pb_blurb][\/et_pb_column][et_pb_column type=&#8220;1_3&#8243; _builder_version=&#8220;4.16&#8243; custom_padding=&#8220;|||&#8220; global_colors_info=&#8220;{}&#8220; custom_padding__hover=&#8220;|||&#8220;][et_pb_blurb image=&#8220;http:\/\/stage.simpleagency.cz\/wp-content\/uploads\/2023\/10\/DSC_0805.jpg&#8220; _builder_version=&#8220;4.23&#8243; header_font=&#8220;Teko|700||on|||||&#8220; header_font_size=&#8220;26px&#8220; header_letter_spacing=&#8220;4px&#8220; header_line_height=&#8220;1.6em&#8220; body_font=&#8220;Teko||||||||&#8220; body_text_color=&#8220;#c10f1b&#8220; body_font_size=&#8220;26px&#8220; body_line_height=&#8220;1.8em&#8220; text_orientation=&#8220;center&#8220; custom_margin=&#8220;||0px|&#8220; custom_padding=&#8220;|||&#8220; animation=&#8220;off&#8220; locked=&#8220;off&#8220; global_colors_info=&#8220;{}&#8220;][\/et_pb_blurb][\/et_pb_column][\/et_pb_row][et_pb_row column_structure=&#8220;1_3,1_3,1_3&#8243; admin_label=&#8220;Shop Area&#8220; module_class=&#8220; et_pb_row_fullwidth&#8220; _builder_version=&#8220;4.16&#8243; width=&#8220;89%&#8220; width_tablet=&#8220;80%&#8220; width_phone=&#8220;80%&#8220; width_last_edited=&#8220;on|desktop&#8220; max_width=&#8220;89%&#8220; max_width_tablet=&#8220;80%&#8220; max_width_phone=&#8220;80%&#8220; max_width_last_edited=&#8220;on|desktop&#8220; custom_margin=&#8220;|||&#8220; custom_padding=&#8220;|||&#8220; make_fullwidth=&#8220;on&#8220; global_colors_info=&#8220;{}&#8220;][et_pb_column type=&#8220;1_3&#8243; _builder_version=&#8220;4.16&#8243; custom_padding=&#8220;|||&#8220; global_colors_info=&#8220;{}&#8220; custom_padding__hover=&#8220;|||&#8220;][et_pb_blurb image=&#8220;http:\/\/stage.simpleagency.cz\/wp-content\/uploads\/2024\/05\/DSC_1888-scaled.jpg&#8220; _builder_version=&#8220;4.23&#8243; header_font=&#8220;Teko|700||on|||||&#8220; header_font_size=&#8220;26px&#8220; header_letter_spacing=&#8220;4px&#8220; header_line_height=&#8220;1.6em&#8220; body_font=&#8220;Teko||||||||&#8220; body_text_color=&#8220;#c10f1b&#8220; body_font_size=&#8220;26px&#8220; body_line_height=&#8220;1.8em&#8220; text_orientation=&#8220;center&#8220; custom_margin=&#8220;||0px|&#8220; custom_padding=&#8220;|||&#8220; animation=&#8220;off&#8220; locked=&#8220;off&#8220; global_colors_info=&#8220;{}&#8220;][\/et_pb_blurb][\/et_pb_column][et_pb_column type=&#8220;1_3&#8243; _builder_version=&#8220;4.16&#8243; custom_padding=&#8220;|||&#8220; global_colors_info=&#8220;{}&#8220; custom_padding__hover=&#8220;|||&#8220;][et_pb_blurb image=&#8220;http:\/\/stage.simpleagency.cz\/wp-content\/uploads\/2024\/03\/DSC_2007-scaled.jpg&#8220; _builder_version=&#8220;4.23&#8243; header_font=&#8220;Teko|700||on|||||&#8220; header_font_size=&#8220;26px&#8220; header_letter_spacing=&#8220;4px&#8220; header_line_height=&#8220;1.6em&#8220; body_font=&#8220;Teko||||||||&#8220; body_text_color=&#8220;#c10f1b&#8220; body_font_size=&#8220;26px&#8220; body_line_height=&#8220;1.8em&#8220; text_orientation=&#8220;center&#8220; custom_margin=&#8220;||0px|&#8220; custom_padding=&#8220;|||&#8220; animation=&#8220;off&#8220; locked=&#8220;off&#8220; global_colors_info=&#8220;{}&#8220;][\/et_pb_blurb][\/et_pb_column][et_pb_column type=&#8220;1_3&#8243; _builder_version=&#8220;4.16&#8243; custom_padding=&#8220;|||&#8220; global_colors_info=&#8220;{}&#8220; custom_padding__hover=&#8220;|||&#8220;][et_pb_blurb image=&#8220;http:\/\/stage.simpleagency.cz\/wp-content\/uploads\/2024\/05\/DSC_1937-scaled.jpg&#8220; _builder_version=&#8220;4.23&#8243; header_font=&#8220;Teko|700||on|||||&#8220; header_font_size=&#8220;26px&#8220; header_letter_spacing=&#8220;4px&#8220; header_line_height=&#8220;1.6em&#8220; body_font=&#8220;Teko||||||||&#8220; body_text_color=&#8220;#c10f1b&#8220; body_font_size=&#8220;26px&#8220; body_line_height=&#8220;1.8em&#8220; text_orientation=&#8220;center&#8220; custom_margin=&#8220;||0px|&#8220; custom_padding=&#8220;|||&#8220; animation=&#8220;off&#8220; locked=&#8220;off&#8220; global_colors_info=&#8220;{}&#8220;][\/et_pb_blurb][\/et_pb_column][\/et_pb_row][et_pb_row column_structure=&#8220;1_3,1_3,1_3&#8243; admin_label=&#8220;Shop Area&#8220; module_class=&#8220; et_pb_row_fullwidth&#8220; _builder_version=&#8220;4.16&#8243; width=&#8220;89%&#8220; width_tablet=&#8220;80%&#8220; width_phone=&#8220;80%&#8220; width_last_edited=&#8220;on|desktop&#8220; max_width=&#8220;89%&#8220; max_width_tablet=&#8220;80%&#8220; max_width_phone=&#8220;80%&#8220; max_width_last_edited=&#8220;on|desktop&#8220; custom_margin=&#8220;|||&#8220; custom_padding=&#8220;|||&#8220; make_fullwidth=&#8220;on&#8220; global_colors_info=&#8220;{}&#8220;][et_pb_column type=&#8220;1_3&#8243; _builder_version=&#8220;4.16&#8243; custom_padding=&#8220;|||&#8220; global_colors_info=&#8220;{}&#8220; custom_padding__hover=&#8220;|||&#8220;][et_pb_blurb image=&#8220;http:\/\/stage.simpleagency.cz\/wp-content\/uploads\/2024\/03\/DSC_6056-scaled.jpg&#8220; _builder_version=&#8220;4.23&#8243; header_font=&#8220;Teko|700||on|||||&#8220; header_font_size=&#8220;26px&#8220; header_letter_spacing=&#8220;4px&#8220; header_line_height=&#8220;1.6em&#8220; body_font=&#8220;Teko||||||||&#8220; body_text_color=&#8220;#c10f1b&#8220; body_font_size=&#8220;26px&#8220; body_line_height=&#8220;1.8em&#8220; text_orientation=&#8220;center&#8220; custom_margin=&#8220;||0px|&#8220; custom_padding=&#8220;|||&#8220; animation=&#8220;off&#8220; locked=&#8220;off&#8220; global_colors_info=&#8220;{}&#8220;][\/et_pb_blurb][\/et_pb_column][et_pb_column type=&#8220;1_3&#8243; _builder_version=&#8220;4.16&#8243; custom_padding=&#8220;|||&#8220; global_colors_info=&#8220;{}&#8220; custom_padding__hover=&#8220;|||&#8220;][et_pb_blurb image=&#8220;http:\/\/stage.simpleagency.cz\/wp-content\/uploads\/2024\/05\/DSC_6073-scaled.jpg&#8220; _builder_version=&#8220;4.23&#8243; header_font=&#8220;Teko|700||on|||||&#8220; header_font_size=&#8220;26px&#8220; header_letter_spacing=&#8220;4px&#8220; header_line_height=&#8220;1.6em&#8220; body_font=&#8220;Teko||||||||&#8220; body_text_color=&#8220;#c10f1b&#8220; body_font_size=&#8220;26px&#8220; body_line_height=&#8220;1.8em&#8220; text_orientation=&#8220;center&#8220; custom_margin=&#8220;||0px|&#8220; custom_padding=&#8220;|||&#8220; animation=&#8220;off&#8220; locked=&#8220;off&#8220; global_colors_info=&#8220;{}&#8220;][\/et_pb_blurb][\/et_pb_column][et_pb_column type=&#8220;1_3&#8243; _builder_version=&#8220;4.16&#8243; custom_padding=&#8220;|||&#8220; global_colors_info=&#8220;{}&#8220; custom_padding__hover=&#8220;|||&#8220;][et_pb_blurb image=&#8220;http:\/\/stage.simpleagency.cz\/wp-content\/uploads\/2024\/03\/x.png&#8220; _builder_version=&#8220;4.23&#8243; header_font=&#8220;Teko|700||on|||||&#8220; header_font_size=&#8220;26px&#8220; header_letter_spacing=&#8220;4px&#8220; header_line_height=&#8220;1.6em&#8220; body_font=&#8220;Teko||||||||&#8220; body_text_color=&#8220;#c10f1b&#8220; body_font_size=&#8220;26px&#8220; body_line_height=&#8220;1.8em&#8220; text_orientation=&#8220;center&#8220; custom_margin=&#8220;||0px|&#8220; custom_padding=&#8220;|||&#8220; animation=&#8220;off&#8220; locked=&#8220;off&#8220; global_colors_info=&#8220;{}&#8220;][\/et_pb_blurb][\/et_pb_column][\/et_pb_row][\/et_pb_section]<\/p>\n","protected":false},"excerpt":{"rendered":"<p>Druckbeh\u00e4lterWir stellen Druckbeh\u00e4lter aus Edelstahl mit einem Volumen von 20 &#8211; 10 000 Litern her. Unsere Produktpalette umfasst ein- und doppelwandige Beh\u00e4lter, Mischer, Expander, Produktionsanlagen und Spezialbeh\u00e4lter.Kundenspezifische L\u00f6sungen Wir konzentrieren uns auf Produkte und Anlagen, die unter die Richtlinie PED\/2014\/68\/EU oder ASME fallen. Wir verf\u00fcgen \u00fcber variable Produktionskapazit\u00e4ten und k\u00f6nnen auch technologisch anspruchsvollere Endprodukte anbieten. [&hellip;]<\/p>\n","protected":false},"author":1,"featured_media":0,"parent":0,"menu_order":0,"comment_status":"closed","ping_status":"closed","template":"","meta":{"_et_pb_use_builder":"on","_et_pb_old_content":"","_et_gb_content_width":"","footnotes":""},"class_list":["post-679","page","type-page","status-publish","hentry"],"_links":{"self":[{"href":"https:\/\/www.st-solutions.cz\/de\/wp-json\/wp\/v2\/pages\/679","targetHints":{"allow":["GET"]}}],"collection":[{"href":"https:\/\/www.st-solutions.cz\/de\/wp-json\/wp\/v2\/pages"}],"about":[{"href":"https:\/\/www.st-solutions.cz\/de\/wp-json\/wp\/v2\/types\/page"}],"author":[{"embeddable":true,"href":"https:\/\/www.st-solutions.cz\/de\/wp-json\/wp\/v2\/users\/1"}],"replies":[{"embeddable":true,"href":"https:\/\/www.st-solutions.cz\/de\/wp-json\/wp\/v2\/comments?post=679"}],"version-history":[{"count":11,"href":"https:\/\/www.st-solutions.cz\/de\/wp-json\/wp\/v2\/pages\/679\/revisions"}],"predecessor-version":[{"id":1053,"href":"https:\/\/www.st-solutions.cz\/de\/wp-json\/wp\/v2\/pages\/679\/revisions\/1053"}],"wp:attachment":[{"href":"https:\/\/www.st-solutions.cz\/de\/wp-json\/wp\/v2\/media?parent=679"}],"curies":[{"name":"wp","href":"https:\/\/api.w.org\/{rel}","templated":true}]}}